{"id":197,"date":"2020-09-12T18:21:19","date_gmt":"2020-09-12T18:21:19","guid":{"rendered":"https:\/\/krueterhexli.ch\/wordpress\/?page_id=197"},"modified":"2020-11-09T10:34:46","modified_gmt":"2020-11-09T10:34:46","slug":"impressum","status":"publish","type":"page","link":"https:\/\/krueterhexli.ch\/wordpress\/impressum\/","title":{"rendered":"Impressum"},"content":{"rendered":"<p>[et_pb_section fb_built=&#187;1&#8243; _builder_version=&#187;4.6.6&#8243; _module_preset=&#187;default&#187;][et_pb_row _builder_version=&#187;4.6.6&#8243; _module_preset=&#187;default&#187;][et_pb_column type=&#187;4_4&#8243; _builder_version=&#187;4.6.6&#8243; _module_preset=&#187;default&#187;][et_pb_text _builder_version=&#187;4.6.6&#8243; _module_preset=&#187;default&#187;]<\/p>\n<h1 class=\"p1\">Impressum<\/h1>\n<h3 class=\"p1\"><\/h3>\n<h3 class=\"p1\"><\/h3>\n<h3 class=\"p1\">Kontaktadresse<\/h3>\n<p class=\"p1\">Jeanette Ritter<br \/> Hinterburgweg, 5<br \/> 9462 Montlingen<br \/> Schweiz<br \/> krueterhexli@outlook.com<\/p>\n<h3 class=\"p1\"><\/h3>\n<h3 class=\"p1\">Vertretungsberechtigte Personen<\/h3>\n<p class=\"p1\">Jeanette Ritter<\/p>\n<h3 class=\"p1\"><\/h3>\n<h3 class=\"p1\">Anmeldebedingungen<\/h3>\n<p class=\"p1\">Die Kurs-Anmeldung erfolgt per Email unter Angabe aller Kontaktdaten, bei Kinderworkshops unter Angabe der Kontaktdaten der Eltern (ein Elternteil sollte f\u00fcr Notf\u00e4lle erreichbar sein).<\/p>\n<p class=\"p1\">Die Teilnehmerzahl ist jeweils begrenzt. Die Kursanmeldung gilt als verbindlich. Bei kurzfristigen Absagen muss f\u00fcr Ersatz gesorgt werden oder ein Teil der Kurskosten wird in Rechnung gestellt.<\/p>\n<p class=\"p1\">Begleichung der Kursgeb\u00fchr erfolgt vor Ort am jeweiligen Kurstag.<\/p>\n<h3 class=\"p1\"><\/h3>\n<h3 class=\"p1\">Nebenwirkungen<\/h3>\n<p class=\"p1\">Ihr besucht die Workshops\/Kr\u00e4uterwanderungen auf eigene Gefahr- es besteht akutes \u201eKr\u00e4uter-Such-und-Sammel\u201c- Suchtpotenzial. Die Veranstalterin \u00fcbernimmt keinerlei Haftung, wenn ihr in Zukunft bei Spazierg\u00e4ngen st\u00e4ndig zur\u00fcck bleibt, um irgendwas zu sammeln oder R\u00e4ume f\u00fcr eure Kr\u00e4uteraktivit\u00e4ten in Beschlag nehmt bzw. mehrere Monate im Jahr Chaos herrscht, weil ihr \u00fcberall Kr\u00e4uterexperimente lagert &#8230; zumindest ist diese kleine \u201eNebenwirkung\u201c bei mir aufgetreten.\u00a0<span>\ud83d\ude09<\/span><\/p>\n<p class=\"p1\"><span><\/span><\/p>\n<h3 class=\"p1\">Haftungsausschluss<\/h3>\n<p class=\"p1\">Ich muss aufgrund der Rechtslage darauf hinweisen, dass ich keine Medizinerin, Kosmetikerin, oder K\u00f6chin bin. Alle Aussagen, die ich in meinen Kursen, Kr\u00e4uterwanderungen oder Workshops mache \u00fcber Wirkungsweisen\/Eigenschaften von Kr\u00e4utern, Rezepten, Rohstoffe basieren auf meiner pers\u00f6nlichen Erfahrung, Verwendung aus der Volksheilkunde und meinem Wissen aus der Ausbildung nach Ignaz Schlifni. Die Inhalte ersetzen keinen Gang zum Arzt und stellen kein Heilversprechen dar. Ich appelliere an eure Eigenverantwortung beim Ausprobieren meiner Rezepte und der Entscheidung, wann der Gang zum Arzt, Heilpraktiker oder Apotheke sinnvoller ist, als Hausmittel anzuwenden. Die Teilnahme an Kursen erfolgt auf eigene Gefahr, die Veranstalterin \u00fcbernimmt keinerlei Haftung.<\/p>\n<p class=\"p1\">Mit der Kursanmeldung akzeptiert ihr den Haftungsausschluss und die Anmeldebedingungen.<\/p>\n<p class=\"p1\">Der Autor \u00fcbernimmt keinerlei Gew\u00e4hr hinsichtlich der inhaltlichen Richtigkeit, Genauigkeit, Aktualit\u00e4t, Zuverl\u00e4ssigkeit und Vollst\u00e4ndigkeit der Informationen.<\/p>\n<p class=\"p1\">Haftungsanspr\u00fcche gegen den Autor wegen Sch\u00e4den materieller oder immaterieller Art, welche aus dem Zugriff oder der Nutzung bzw. Nichtnutzung der ver\u00f6ffentlichten Informationen, durch Missbrauch der Verbindung oder durch technische St\u00f6rungen entstanden sind, werden ausgeschlossen.<\/p>\n<p class=\"p1\">Alle Angebote sind unverbindlich. Der Autor beh\u00e4lt es sich ausdr\u00fccklich vor, Teile der Seiten oder das gesamte Angebot ohne gesonderte Ank\u00fcndigung zu ver\u00e4ndern, zu erg\u00e4nzen, zu l\u00f6schen oder die Ver\u00f6ffentlichung zeitweise oder endg\u00fcltig einzustellen.<\/p>\n<h3 class=\"p1\"><\/h3>\n<h3 class=\"p1\">Haftung f\u00fcr Links<\/h3>\n<p class=\"p1\">Verweise und Links auf Webseiten Dritter liegen ausserhalb meines Verantwortungsbereichs Es wird jegliche Verantwortung f\u00fcr solche Webseiten abgelehnt. Der Zugriff und die Nutzung solcher Webseiten erfolgen auf eigene Gefahr des Nutzers oder der Nutzerin.<\/p>\n<h3 class=\"p1\"><\/h3>\n<h3 class=\"p1\">Urheberrechte<\/h3>\n<p class=\"p1\">Die Urheber- und alle anderen Rechte an Inhalten, Bildern, Fotos oder anderen Dateien auf der Website geh\u00f6ren ausschliesslich Jeanette Ritter oder den speziell genannten Rechtsinhabern. F\u00fcr die Reproduktion jeglicher Elemente ist die schriftliche Zustimmung der Urheberrechtstr\u00e4ger im Voraus einzuholen.<\/p>\n<h3 class=\"p1\"><\/h3>\n<h3 class=\"p1\">Datenschutz<\/h3>\n<p class=\"p1\">Eure Daten werden nicht an Dritte weiter gegeben, es werden keine Fotos von euch oder euren Kindern ohne eure ausdr\u00fcckliche Erlaubnis ver\u00f6ffentlicht.. Ihr entscheidet, ob ihr weitere Kursangebote per Mail erhalten wollt.<\/p>\n<p class=\"p1\">Gest\u00fctzt auf Artikel 13 der schweizerischen Bundesverfassung und die datenschutzrechtlichen Bestimmungen des Bundes (Datenschutzgesetz, DSG) hat jede Person Anspruch auf Schutz ihrer Privatsph\u00e4re sowie auf Schutz vor Missbrauch ihrer pers\u00f6nlichen Daten. Wir halten diese Bestimmungen ein. Pers\u00f6nliche Daten werden streng vertraulich behandelt und weder an Dritte verkauft noch weiter gegeben.<\/p>\n<p class=\"p1\">In enger Zusammenarbeit mit unseren Hosting-Providern bem\u00fchen wir uns, die Datenbanken so gut wie m\u00f6glich vor fremden Zugriffen, Verlusten, Missbrauch oder vor F\u00e4lschung zu sch\u00fctzen.<\/p>\n<p class=\"p1\">Beim Zugriff auf unsere Webseiten werden folgende Daten in Logfiles gespeichert: IP-Adresse, Datum, Uhrzeit, Browser-Anfrage und allg. \u00fcbertragene Informationen zum Betriebssystem resp. Browser. Diese Nutzungsdaten bilden die Basis f\u00fcr statistische, anonyme Auswertungen, so dass Trends erkennbar sind, anhand derer wir unsere Angebote entsprechend verbessern k\u00f6nnen.<\/p>\n<p class=\"p1\">\n<p class=\"p1\">Impressum verfasst am, 09. November 2020<\/p>\n<p class=\"p1\">\n<p>[\/et_pb_text][\/et_pb_column][\/et_pb_row][\/et_pb_section]<\/p>\n","protected":false},"excerpt":{"rendered":"<p>Impressum Kontaktadresse Jeanette Ritter Hinterburgweg, 5 9462 Montlingen Schweiz krueterhexli@outlook.com Vertretungsberechtigte Personen Jeanette Ritter Anmeldebedingungen Die Kurs-Anmeldung erfolgt per Email unter Angabe aller Kontaktdaten, bei Kinderworkshops unter Angabe der Kontaktdaten der Eltern (ein Elternteil sollte f\u00fcr Notf\u00e4lle erreichbar sein). Die Teilnehmerzahl ist jeweils begrenzt. Die Kursanmeldung gilt als verbindlich. Bei kurzfristigen Absagen muss f\u00fcr Ersatz [&hellip;]<\/p>\n","protected":false},"author":1,"featured_media":0,"parent":0,"menu_order":0,"comment_status":"closed","ping_status":"closed","template":"","meta":{"_et_pb_use_builder":"on","_et_pb_old_content":"","_et_gb_content_width":""},"_links":{"self":[{"href":"https:\/\/krueterhexli.ch\/wordpress\/wp-json\/wp\/v2\/pages\/197"}],"collection":[{"href":"https:\/\/krueterhexli.ch\/wordpress\/wp-json\/wp\/v2\/pages"}],"about":[{"href":"https:\/\/krueterhexli.ch\/wordpress\/wp-json\/wp\/v2\/types\/page"}],"author":[{"embeddable":true,"href":"https:\/\/krueterhexli.ch\/wordpress\/wp-json\/wp\/v2\/users\/1"}],"replies":[{"embeddable":true,"href":"https:\/\/krueterhexli.ch\/wordpress\/wp-json\/wp\/v2\/comments?post=197"}],"version-history":[{"count":7,"href":"https:\/\/krueterhexli.ch\/wordpress\/wp-json\/wp\/v2\/pages\/197\/revisions"}],"predecessor-version":[{"id":398,"href":"https:\/\/krueterhexli.ch\/wordpress\/wp-json\/wp\/v2\/pages\/197\/revisions\/398"}],"wp:attachment":[{"href":"https:\/\/krueterhexli.ch\/wordpress\/wp-json\/wp\/v2\/media?parent=197"}],"curies":[{"name":"wp","href":"https:\/\/api.w.org\/{rel}","templated":true}]}}